{"id":1462,"date":"2017-03-07T10:46:19","date_gmt":"2017-03-07T13:46:19","guid":{"rendered":"http:\/\/ranchoorganico.com.br\/site\/?page_id=1462"},"modified":"2019-09-12T15:08:20","modified_gmt":"2019-09-12T18:08:20","slug":"e-da-nossa-natureza-ser-organico","status":"publish","type":"page","link":"https:\/\/ranchoorganico.com.br\/site\/","title":{"rendered":"Home"},"content":{"rendered":"","protected":false},"excerpt":{"rendered":"","protected":false},"author":1,"featured_media":0,"parent":0,"menu_order":0,"comment_status":"closed","ping_status":"closed","template":"page-home.php","meta":{"footnotes":""},"class_list":["post-1462","page","type-page","status-publish","hentry"],"yoast_head":"<!-- This site is optimized with the Yoast SEO plugin v27.2 - https:\/\/yoast.com\/product\/yoast-seo-wordpress\/ -->\n<title>Home - Rancho Org\u00e2nico<\/title>\n<meta name=\"description\" content=\"O hortifruti org\u00e2nico e mercearia mais completo de Piracicaba, desde 1998! Local de encontro daqueles que buscam uma alimenta\u00e7\u00e3o saud\u00e1vel e bem estar!\" \/>\n<meta name=\"robots\" content=\"index, follow, max-snippet:-1, max-image-preview:large, max-video-preview:-1\" \/>\n<link rel=\"canonical\" href=\"https:\/\/ranchoorganico.com.br\/site\/\" \/>\n<meta property=\"og:locale\" content=\"pt_BR\" \/>\n<meta property=\"og:type\" content=\"article\" \/>\n<meta property=\"og:title\" content=\"Home - Rancho Org\u00e2nico\" \/>\n<meta property=\"og:description\" content=\"O hortifruti org\u00e2nico e mercearia mais completo de Piracicaba, desde 1998! Local de encontro daqueles que buscam uma alimenta\u00e7\u00e3o saud\u00e1vel e bem estar!\" \/>\n<meta property=\"og:url\" content=\"https:\/\/ranchoorganico.com.br\/site\/\" \/>\n<meta property=\"og:site_name\" content=\"Rancho Org\u00e2nico\" \/>\n<meta property=\"article:modified_time\" content=\"2019-09-12T18:08:20+00:00\" \/>\n<meta name=\"twitter:card\" content=\"summary_large_image\" \/>\n<script type=\"application\/ld+json\" class=\"yoast-schema-graph\">{\"@context\":\"https:\/\/schema.org\",\"@graph\":[{\"@type\":\"WebPage\",\"@id\":\"https:\/\/ranchoorganico.com.br\/site\/\",\"url\":\"https:\/\/ranchoorganico.com.br\/site\/\",\"name\":\"Home - Rancho Org\u00e2nico\",\"isPartOf\":{\"@id\":\"https:\/\/ranchoorganico.com.br\/site\/#website\"},\"datePublished\":\"2017-03-07T13:46:19+00:00\",\"dateModified\":\"2019-09-12T18:08:20+00:00\",\"description\":\"O hortifruti org\u00e2nico e mercearia mais completo de Piracicaba, desde 1998! Local de encontro daqueles que buscam uma alimenta\u00e7\u00e3o saud\u00e1vel e bem estar!\",\"breadcrumb\":{\"@id\":\"https:\/\/ranchoorganico.com.br\/site\/#breadcrumb\"},\"inLanguage\":\"pt-BR\",\"potentialAction\":[{\"@type\":\"ReadAction\",\"target\":[\"https:\/\/ranchoorganico.com.br\/site\/\"]}]},{\"@type\":\"BreadcrumbList\",\"@id\":\"https:\/\/ranchoorganico.com.br\/site\/#breadcrumb\",\"itemListElement\":[{\"@type\":\"ListItem\",\"position\":1,\"name\":\"Home\",\"item\":\"https:\/\/ranchoorganico.com.br\/site\/\"},{\"@type\":\"ListItem\",\"position\":2,\"name\":\"Home\"}]},{\"@type\":\"WebSite\",\"@id\":\"https:\/\/ranchoorganico.com.br\/site\/#website\",\"url\":\"https:\/\/ranchoorganico.com.br\/site\/\",\"name\":\"Rancho Org\u00e2nico\",\"description\":\"Por uma sociedade mais saud\u00e1vel e sustent\u00e1vel\",\"potentialAction\":[{\"@type\":\"SearchAction\",\"target\":{\"@type\":\"EntryPoint\",\"urlTemplate\":\"https:\/\/ranchoorganico.com.br\/site\/?s={search_term_string}\"},\"query-input\":{\"@type\":\"PropertyValueSpecification\",\"valueRequired\":true,\"valueName\":\"search_term_string\"}}],\"inLanguage\":\"pt-BR\"}]}<\/script>\n<!-- \/ Yoast SEO plugin. -->","yoast_head_json":{"title":"Home - Rancho Org\u00e2nico","description":"O hortifruti org\u00e2nico e mercearia mais completo de Piracicaba, desde 1998! Local de encontro daqueles que buscam uma alimenta\u00e7\u00e3o saud\u00e1vel e bem estar!","robots":{"index":"index","follow":"follow","max-snippet":"max-snippet:-1","max-image-preview":"max-image-preview:large","max-video-preview":"max-video-preview:-1"},"canonical":"https:\/\/ranchoorganico.com.br\/site\/","og_locale":"pt_BR","og_type":"article","og_title":"Home - Rancho Org\u00e2nico","og_description":"O hortifruti org\u00e2nico e mercearia mais completo de Piracicaba, desde 1998! Local de encontro daqueles que buscam uma alimenta\u00e7\u00e3o saud\u00e1vel e bem estar!","og_url":"https:\/\/ranchoorganico.com.br\/site\/","og_site_name":"Rancho Org\u00e2nico","article_modified_time":"2019-09-12T18:08:20+00:00","twitter_card":"summary_large_image","schema":{"@context":"https:\/\/schema.org","@graph":[{"@type":"WebPage","@id":"https:\/\/ranchoorganico.com.br\/site\/","url":"https:\/\/ranchoorganico.com.br\/site\/","name":"Home - Rancho Org\u00e2nico","isPartOf":{"@id":"https:\/\/ranchoorganico.com.br\/site\/#website"},"datePublished":"2017-03-07T13:46:19+00:00","dateModified":"2019-09-12T18:08:20+00:00","description":"O hortifruti org\u00e2nico e mercearia mais completo de Piracicaba, desde 1998! Local de encontro daqueles que buscam uma alimenta\u00e7\u00e3o saud\u00e1vel e bem estar!","breadcrumb":{"@id":"https:\/\/ranchoorganico.com.br\/site\/#breadcrumb"},"inLanguage":"pt-BR","potentialAction":[{"@type":"ReadAction","target":["https:\/\/ranchoorganico.com.br\/site\/"]}]},{"@type":"BreadcrumbList","@id":"https:\/\/ranchoorganico.com.br\/site\/#breadcrumb","itemListElement":[{"@type":"ListItem","position":1,"name":"Home","item":"https:\/\/ranchoorganico.com.br\/site\/"},{"@type":"ListItem","position":2,"name":"Home"}]},{"@type":"WebSite","@id":"https:\/\/ranchoorganico.com.br\/site\/#website","url":"https:\/\/ranchoorganico.com.br\/site\/","name":"Rancho Org\u00e2nico","description":"Por uma sociedade mais saud\u00e1vel e sustent\u00e1vel","potentialAction":[{"@type":"SearchAction","target":{"@type":"EntryPoint","urlTemplate":"https:\/\/ranchoorganico.com.br\/site\/?s={search_term_string}"},"query-input":{"@type":"PropertyValueSpecification","valueRequired":true,"valueName":"search_term_string"}}],"inLanguage":"pt-BR"}]}},"_links":{"self":[{"href":"https:\/\/ranchoorganico.com.br\/site\/wp-json\/wp\/v2\/pages\/1462","targetHints":{"allow":["GET"]}}],"collection":[{"href":"https:\/\/ranchoorganico.com.br\/site\/wp-json\/wp\/v2\/pages"}],"about":[{"href":"https:\/\/ranchoorganico.com.br\/site\/wp-json\/wp\/v2\/types\/page"}],"author":[{"embeddable":true,"href":"https:\/\/ranchoorganico.com.br\/site\/wp-json\/wp\/v2\/users\/1"}],"replies":[{"embeddable":true,"href":"https:\/\/ranchoorganico.com.br\/site\/wp-json\/wp\/v2\/comments?post=1462"}],"version-history":[{"count":5,"href":"https:\/\/ranchoorganico.com.br\/site\/wp-json\/wp\/v2\/pages\/1462\/revisions"}],"predecessor-version":[{"id":1780,"href":"https:\/\/ranchoorganico.com.br\/site\/wp-json\/wp\/v2\/pages\/1462\/revisions\/1780"}],"wp:attachment":[{"href":"https:\/\/ranchoorganico.com.br\/site\/wp-json\/wp\/v2\/media?parent=1462"}],"curies":[{"name":"wp","href":"https:\/\/api.w.org\/{rel}","templated":true}]}}