{"id":1871,"date":"2017-11-22T13:28:19","date_gmt":"2017-11-22T15:28:19","guid":{"rendered":"http:\/\/ranchoorganico.com.br\/site\/?page_id=1871"},"modified":"2019-09-26T17:22:58","modified_gmt":"2019-09-26T20:22:58","slug":"sobre","status":"publish","type":"page","link":"https:\/\/ranchoorganico.com.br\/site\/sobre\/","title":{"rendered":"Sobre"},"content":{"rendered":"<h2>Voc\u00ea sabia que cerca de 20% de todo agrot\u00f3xico comercializado no mundo \u00e9 consumido no Brasil? Isso faz com que os brasileiros consumam, em m\u00e9dia, at\u00e9 5 litros de agrot\u00f3xicos e venenos por ano!<\/h2>\n<p>&nbsp;<\/p>\n<p>Pois foi a partir dessa constata\u00e7\u00e3o que a Lucy &#8211; fundadora do Rancho Org\u00e2nico e Economista de forma\u00e7\u00e3o &#8211; motivada a mudar este cen\u00e1rio, pediu as contas do seu emprego numa grande empresa para empreender (e aprender) sobre o cultivo e alimenta\u00e7\u00e3o org\u00e2nicas, e assim <span style=\"font-weight: 400;\"> impactar positivamente a vida das pessoas atrav\u00e9s da alimenta\u00e7\u00e3o.<\/span><\/p>\n<p style=\"text-align: left;\"><strong>Seu grande sonho desde ent\u00e3o era contribuir para uma sociedade mais saud\u00e1vel e sustent\u00e1vel!<\/strong><\/p>\n<p style=\"text-align: left;\"><span style=\"font-weight: 400;\">O projeto come\u00e7ou com uma pequena horta org\u00e2nica e urbana em 1998, onde ela come\u00e7ou o cultivo de suas verduras e hortali\u00e7as org\u00e2nicas, sem nenhum tipo de agrot\u00f3xico, fertilizante ou veneno, unindo a simplicidade da vida no campo, onde nasceu e foi criada, com a praticidade de Piracicaba, cidade que escolheu viver.<\/span><\/p>\n<p style=\"text-align: left;\"><span style=\"font-weight: 400;\"> Nascia assim o Rancho Org\u00e2nico.<\/span><\/p>\n<p style=\"text-align: left;\"><span style=\"font-weight: 400;\">Naquela \u00e9poca, o conceito de agricultura org\u00e2nica ainda era um assunto pouco conhecido no Brasil, restrito a especialistas. Para conquistar o conhecimento necess\u00e1rio sobre o cultivo de org\u00e2nicos Lucy se dedicou aos estudos, cursos, pesquisas e experimentos, muitos aprendizados que ainda hoje sustentam todo seu trabalho.<\/span><\/p>\n<p style=\"text-align: left;\">E nesse processo todo, Lucy foi se apaixonando cada vez mais pelo seu prop\u00f3sito, e compreendendo que o conceito de cultivo org\u00e2nico ia muito al\u00e9m da alimenta\u00e7\u00e3o saud\u00e1vel&#8230; tendo como principal objetivo <strong>preservar a nossa natureza org\u00e2nica como ela \u00e9: pura e perfeita! <\/strong><\/p>\n<p style=\"text-align: left;\"><span style=\"font-weight: 400;\">E para que isso se tornasse real, ou seja, cultivar a nossa natureza, era preciso mudar a maneira de se relacionar com a produ\u00e7\u00e3o de alimentos, passando a<\/span><span style=\"font-weight: 400;\"> valorizar e respeitar o trabalho do pequeno produtor, a desenvolver o solo &#8211; onde tudo se origina &#8211; mantendo-o f\u00e9rtil e bem nutrido! <\/span><span style=\"font-weight: 400;\">Cuidar e responsabilizar-se pelas fontes de \u00e1gua <\/span><span style=\"font-weight: 400;\">limpa, preservando as matas, florestas, nascentes e len\u00e7\u00f3is fre\u00e1ticos, respeitando os ciclos da natureza\u00a0 <\/span><span style=\"font-weight: 400;\">e favorecendo a biodiversidade natural.<\/span><\/p>\n<p style=\"text-align: left;\"><strong>Isso tudo \u00e9 poss\u00edvel atrav\u00e9s da agricultura org\u00e2nica.<\/strong><\/p>\n<p style=\"text-align: left;\"><span style=\"font-weight: 400;\">Desde ent\u00e3o, promover a sa\u00fade atrav\u00e9s da alimenta\u00e7\u00e3o org\u00e2nica e favorecer o conhecimento <\/span>seguem como prop\u00f3sitos fundamentais, fazendo do Rancho Org\u00e2nico um local de encontro de todos aqueles que buscam levar um estilo de vida org\u00e2nico, agrad\u00e1vel, sustent\u00e1vel e equilibrado.<\/p>\n<p style=\"text-align: left;\"><span style=\"font-weight: 400;\">E o que come\u00e7ou com um sonho e uma pequena horta, hoje \u00e9 o hortifruti org\u00e2nico e mercearia <strong>mais completo e mais querido<\/strong> de Piracicaba e regi\u00e3o<\/span><span style=\"font-weight: 400;\">, oferecendo diariamente <strong>o melhor da natureza<\/strong> para seus clientes: <strong>a<\/strong> <strong>s\u00e1ude e o sabor<\/strong> dos alimentos org\u00e2nicos, <strong>a transpar\u00eancia<\/strong> na oferta de produtos de <strong>alta qualidade e com proced\u00eancia<\/strong>, e por fim, a <strong>confian\u00e7a da curadoria<\/strong> de quem h\u00e1 mais de 20 anos conhece seus parceiros, produtores, fornecedores e <strong>escolhe pessoalmente tudo o que oferece em sua loja!<\/strong><\/span><\/p>\n<h4 style=\"text-align: left;\"><\/h4>\n<h2 style=\"text-align: left;\">\u00c9 da nossa natureza ser org\u00e2nico!<\/h2>\n<p>&nbsp;<\/p>\n<p>&nbsp;<\/p>\n<p><img loading=\"lazy\" decoding=\"async\" class=\"alignnone size-medium wp-image-2331\" src=\"http:\/\/ranchoorganico.com.br\/site\/wp-content\/uploads\/2017\/12\/IMG_6362-e1528400956926-225x300.jpg\" alt=\"\" width=\"225\" height=\"300\" srcset=\"https:\/\/ranchoorganico.com.br\/site\/wp-content\/uploads\/2017\/12\/IMG_6362-e1528400956926-225x300.jpg 225w, https:\/\/ranchoorganico.com.br\/site\/wp-content\/uploads\/2017\/12\/IMG_6362-e1528400956926.jpg 768w\" sizes=\"auto, (max-width: 225px) 100vw, 225px\" \/><img loading=\"lazy\" decoding=\"async\" class=\"alignnone size-medium wp-image-2329\" src=\"http:\/\/ranchoorganico.com.br\/site\/wp-content\/uploads\/2017\/12\/IMG_6330-225x300.jpg\" alt=\"\" width=\"225\" height=\"300\" srcset=\"https:\/\/ranchoorganico.com.br\/site\/wp-content\/uploads\/2017\/12\/IMG_6330-225x300.jpg 225w, https:\/\/ranchoorganico.com.br\/site\/wp-content\/uploads\/2017\/12\/IMG_6330.jpg 768w\" sizes=\"auto, (max-width: 225px) 100vw, 225px\" \/><img loading=\"lazy\" decoding=\"async\" class=\"alignnone wp-image-2289 size-medium\" src=\"http:\/\/ranchoorganico.com.br\/site\/wp-content\/uploads\/2017\/12\/DSC_0037-co\u0301pia-e1534956396813-200x300.jpg\" alt=\"\" width=\"200\" height=\"300\" srcset=\"https:\/\/ranchoorganico.com.br\/site\/wp-content\/uploads\/2017\/12\/DSC_0037-co\u0301pia-e1534956396813-200x300.jpg 200w, https:\/\/ranchoorganico.com.br\/site\/wp-content\/uploads\/2017\/12\/DSC_0037-co\u0301pia-e1534956396813.jpg 681w\" sizes=\"auto, (max-width: 200px) 100vw, 200px\" \/><img loading=\"lazy\" decoding=\"async\" class=\"alignnone size-medium wp-image-2321\" src=\"http:\/\/ranchoorganico.com.br\/site\/wp-content\/uploads\/2017\/12\/IMG_2620-e1528400663397-225x300.jpg\" alt=\"\" width=\"225\" height=\"300\" srcset=\"https:\/\/ranchoorganico.com.br\/site\/wp-content\/uploads\/2017\/12\/IMG_2620-e1528400663397-225x300.jpg 225w, https:\/\/ranchoorganico.com.br\/site\/wp-content\/uploads\/2017\/12\/IMG_2620-e1528400663397.jpg 768w\" sizes=\"auto, (max-width: 225px) 100vw, 225px\" \/><img loading=\"lazy\" decoding=\"async\" class=\"alignnone size-medium wp-image-2288\" src=\"http:\/\/ranchoorganico.com.br\/site\/wp-content\/uploads\/2017\/12\/DSC_0031-co\u0301pia-e1528398155362-200x300.jpg\" alt=\"\" width=\"200\" height=\"300\" srcset=\"https:\/\/ranchoorganico.com.br\/site\/wp-content\/uploads\/2017\/12\/DSC_0031-co\u0301pia-e1528398155362-200x300.jpg 200w, https:\/\/ranchoorganico.com.br\/site\/wp-content\/uploads\/2017\/12\/DSC_0031-co\u0301pia-e1528398155362.jpg 681w\" sizes=\"auto, (max-width: 200px) 100vw, 200px\" \/><img loading=\"lazy\" decoding=\"async\" class=\"alignnone size-medium wp-image-2333\" src=\"http:\/\/ranchoorganico.com.br\/site\/wp-content\/uploads\/2017\/12\/IMG_6398-e1528400908886-225x300.jpg\" alt=\"\" width=\"225\" height=\"300\" srcset=\"https:\/\/ranchoorganico.com.br\/site\/wp-content\/uploads\/2017\/12\/IMG_6398-e1528400908886-225x300.jpg 225w, https:\/\/ranchoorganico.com.br\/site\/wp-content\/uploads\/2017\/12\/IMG_6398-e1528400908886.jpg 768w\" sizes=\"auto, (max-width: 225px) 100vw, 225px\" \/><img loading=\"lazy\" decoding=\"async\" class=\"alignnone wp-image-2287 \" src=\"http:\/\/ranchoorganico.com.br\/site\/wp-content\/uploads\/2017\/12\/DSC_0028-e1534956429196-200x300.jpg\" alt=\"\" width=\"200\" height=\"300\" srcset=\"https:\/\/ranchoorganico.com.br\/site\/wp-content\/uploads\/2017\/12\/DSC_0028-e1534956429196-200x300.jpg 200w, https:\/\/ranchoorganico.com.br\/site\/wp-content\/uploads\/2017\/12\/DSC_0028-e1534956429196.jpg 681w\" sizes=\"auto, (max-width: 200px) 100vw, 200px\" \/><img loading=\"lazy\" decoding=\"async\" class=\"alignnone size-medium wp-image-3025\" src=\"https:\/\/ranchoorganico.com.br\/site\/wp-content\/uploads\/2019\/09\/Lucy-225x300.png\" alt=\"\" width=\"225\" height=\"300\" srcset=\"https:\/\/ranchoorganico.com.br\/site\/wp-content\/uploads\/2019\/09\/Lucy-225x300.png 225w, https:\/\/ranchoorganico.com.br\/site\/wp-content\/uploads\/2019\/09\/Lucy.png 675w\" sizes=\"auto, (max-width: 225px) 100vw, 225px\" \/><img loading=\"lazy\" decoding=\"async\" class=\"alignnone size-medium wp-image-2321\" src=\"http:\/\/ranchoorganico.com.br\/site\/wp-content\/uploads\/2017\/12\/IMG_2620-e1528400663397-225x300.jpg\" alt=\"\" width=\"225\" height=\"300\" srcset=\"https:\/\/ranchoorganico.com.br\/site\/wp-content\/uploads\/2017\/12\/IMG_2620-e1528400663397-225x300.jpg 225w, https:\/\/ranchoorganico.com.br\/site\/wp-content\/uploads\/2017\/12\/IMG_2620-e1528400663397.jpg 768w\" sizes=\"auto, (max-width: 225px) 100vw, 225px\" \/><img loading=\"lazy\" decoding=\"async\" class=\"size-medium wp-image-2318 alignnone\" src=\"http:\/\/ranchoorganico.com.br\/site\/wp-content\/uploads\/2017\/12\/8d6281e0-48ad-4d71-b0e6-23afdbc7abc9-224x300.jpg\" alt=\"\" width=\"224\" height=\"300\" srcset=\"https:\/\/ranchoorganico.com.br\/site\/wp-content\/uploads\/2017\/12\/8d6281e0-48ad-4d71-b0e6-23afdbc7abc9-224x300.jpg 224w, https:\/\/ranchoorganico.com.br\/site\/wp-content\/uploads\/2017\/12\/8d6281e0-48ad-4d71-b0e6-23afdbc7abc9.jpg 765w\" sizes=\"auto, (max-width: 224px) 100vw, 224px\" \/> <img loading=\"lazy\" decoding=\"async\" class=\"alignnone size-medium wp-image-2328\" src=\"https:\/\/ranchoorganico.com.br\/site\/wp-content\/uploads\/2017\/12\/IMG_5402-e1528400818621-225x300.jpg\" alt=\"\" width=\"225\" height=\"300\" srcset=\"https:\/\/ranchoorganico.com.br\/site\/wp-content\/uploads\/2017\/12\/IMG_5402-e1528400818621-225x300.jpg 225w, https:\/\/ranchoorganico.com.br\/site\/wp-content\/uploads\/2017\/12\/IMG_5402-e1528400818621.jpg 768w\" sizes=\"auto, (max-width: 225px) 100vw, 225px\" \/> <img loading=\"lazy\" decoding=\"async\" class=\"alignnone size-medium wp-image-2742\" src=\"https:\/\/ranchoorganico.com.br\/site\/wp-content\/uploads\/2018\/06\/IMG_1556-e1534959838235-225x300.jpg\" alt=\"\" width=\"225\" height=\"300\" srcset=\"https:\/\/ranchoorganico.com.br\/site\/wp-content\/uploads\/2018\/06\/IMG_1556-e1534959838235-225x300.jpg 225w, https:\/\/ranchoorganico.com.br\/site\/wp-content\/uploads\/2018\/06\/IMG_1556-e1534959838235.jpg 768w\" sizes=\"auto, (max-width: 225px) 100vw, 225px\" \/><\/p>\n","protected":false},"excerpt":{"rendered":"<p>Voc\u00ea sabia que cerca de 20% de todo agrot\u00f3xico comercializado no mundo \u00e9 consumido no Brasil? Isso faz com que os brasileiros consumam, em m\u00e9dia, at\u00e9 5 litros de agrot\u00f3xicos e venenos por ano! &nbsp; Pois foi a partir dessa constata\u00e7\u00e3o que a Lucy &#8211; fundadora do Rancho Org\u00e2nico e Economista de forma\u00e7\u00e3o &#8211; motivada [&hellip;]<\/p>\n","protected":false},"author":1,"featured_media":0,"parent":0,"menu_order":0,"comment_status":"closed","ping_status":"closed","template":"","meta":{"footnotes":""},"class_list":["post-1871","page","type-page","status-publish","hentry"],"yoast_head":"<!-- This site is optimized with the Yoast SEO plugin v27.2 - https:\/\/yoast.com\/product\/yoast-seo-wordpress\/ -->\n<title>Sobre - Rancho Org\u00e2nico<\/title>\n<meta name=\"description\" content=\"O hortifruti org\u00e2nico e mercearia mais completos de Piracicaba desde 1998! Local de encontro daqueles que buscam uma alimenta\u00e7\u00e3o saud\u00e1vel e bem estar!\" \/>\n<meta name=\"robots\" content=\"index, follow, max-snippet:-1, max-image-preview:large, max-video-preview:-1\" \/>\n<link rel=\"canonical\" href=\"https:\/\/ranchoorganico.com.br\/site\/sobre\/\" \/>\n<meta property=\"og:locale\" content=\"pt_BR\" \/>\n<meta property=\"og:type\" content=\"article\" \/>\n<meta property=\"og:title\" content=\"Sobre - Rancho Org\u00e2nico\" \/>\n<meta property=\"og:description\" content=\"O hortifruti org\u00e2nico e mercearia mais completos de Piracicaba desde 1998! Local de encontro daqueles que buscam uma alimenta\u00e7\u00e3o saud\u00e1vel e bem estar!\" \/>\n<meta property=\"og:url\" content=\"https:\/\/ranchoorganico.com.br\/site\/sobre\/\" \/>\n<meta property=\"og:site_name\" content=\"Rancho Org\u00e2nico\" \/>\n<meta property=\"article:modified_time\" content=\"2019-09-26T20:22:58+00:00\" \/>\n<meta property=\"og:image\" content=\"http:\/\/ranchoorganico.com.br\/site\/wp-content\/uploads\/2017\/12\/IMG_6362-e1528400956926-225x300.jpg\" \/>\n<meta name=\"twitter:card\" content=\"summary_large_image\" \/>\n<meta name=\"twitter:label1\" content=\"Est. tempo de leitura\" \/>\n\t<meta name=\"twitter:data1\" content=\"3 minutos\" \/>\n<script type=\"application\/ld+json\" class=\"yoast-schema-graph\">{\"@context\":\"https:\/\/schema.org\",\"@graph\":[{\"@type\":\"WebPage\",\"@id\":\"https:\/\/ranchoorganico.com.br\/site\/sobre\/\",\"url\":\"https:\/\/ranchoorganico.com.br\/site\/sobre\/\",\"name\":\"Sobre - Rancho Org\u00e2nico\",\"isPartOf\":{\"@id\":\"https:\/\/ranchoorganico.com.br\/site\/#website\"},\"primaryImageOfPage\":{\"@id\":\"https:\/\/ranchoorganico.com.br\/site\/sobre\/#primaryimage\"},\"image\":{\"@id\":\"https:\/\/ranchoorganico.com.br\/site\/sobre\/#primaryimage\"},\"thumbnailUrl\":\"http:\/\/ranchoorganico.com.br\/site\/wp-content\/uploads\/2017\/12\/IMG_6362-e1528400956926-225x300.jpg\",\"datePublished\":\"2017-11-22T15:28:19+00:00\",\"dateModified\":\"2019-09-26T20:22:58+00:00\",\"description\":\"O hortifruti org\u00e2nico e mercearia mais completos de Piracicaba desde 1998! Local de encontro daqueles que buscam uma alimenta\u00e7\u00e3o saud\u00e1vel e bem estar!\",\"breadcrumb\":{\"@id\":\"https:\/\/ranchoorganico.com.br\/site\/sobre\/#breadcrumb\"},\"inLanguage\":\"pt-BR\",\"potentialAction\":[{\"@type\":\"ReadAction\",\"target\":[\"https:\/\/ranchoorganico.com.br\/site\/sobre\/\"]}]},{\"@type\":\"ImageObject\",\"inLanguage\":\"pt-BR\",\"@id\":\"https:\/\/ranchoorganico.com.br\/site\/sobre\/#primaryimage\",\"url\":\"https:\/\/ranchoorganico.com.br\/site\/wp-content\/uploads\/2017\/12\/IMG_6362-e1528400956926.jpg\",\"contentUrl\":\"https:\/\/ranchoorganico.com.br\/site\/wp-content\/uploads\/2017\/12\/IMG_6362-e1528400956926.jpg\",\"width\":768,\"height\":1024},{\"@type\":\"BreadcrumbList\",\"@id\":\"https:\/\/ranchoorganico.com.br\/site\/sobre\/#breadcrumb\",\"itemListElement\":[{\"@type\":\"ListItem\",\"position\":1,\"name\":\"Home\",\"item\":\"https:\/\/ranchoorganico.com.br\/site\/\"},{\"@type\":\"ListItem\",\"position\":2,\"name\":\"Sobre\"}]},{\"@type\":\"WebSite\",\"@id\":\"https:\/\/ranchoorganico.com.br\/site\/#website\",\"url\":\"https:\/\/ranchoorganico.com.br\/site\/\",\"name\":\"Rancho Org\u00e2nico\",\"description\":\"Por uma sociedade mais saud\u00e1vel e sustent\u00e1vel\",\"potentialAction\":[{\"@type\":\"SearchAction\",\"target\":{\"@type\":\"EntryPoint\",\"urlTemplate\":\"https:\/\/ranchoorganico.com.br\/site\/?s={search_term_string}\"},\"query-input\":{\"@type\":\"PropertyValueSpecification\",\"valueRequired\":true,\"valueName\":\"search_term_string\"}}],\"inLanguage\":\"pt-BR\"}]}<\/script>\n<!-- \/ Yoast SEO plugin. -->","yoast_head_json":{"title":"Sobre - Rancho Org\u00e2nico","description":"O hortifruti org\u00e2nico e mercearia mais completos de Piracicaba desde 1998! Local de encontro daqueles que buscam uma alimenta\u00e7\u00e3o saud\u00e1vel e bem estar!","robots":{"index":"index","follow":"follow","max-snippet":"max-snippet:-1","max-image-preview":"max-image-preview:large","max-video-preview":"max-video-preview:-1"},"canonical":"https:\/\/ranchoorganico.com.br\/site\/sobre\/","og_locale":"pt_BR","og_type":"article","og_title":"Sobre - Rancho Org\u00e2nico","og_description":"O hortifruti org\u00e2nico e mercearia mais completos de Piracicaba desde 1998! Local de encontro daqueles que buscam uma alimenta\u00e7\u00e3o saud\u00e1vel e bem estar!","og_url":"https:\/\/ranchoorganico.com.br\/site\/sobre\/","og_site_name":"Rancho Org\u00e2nico","article_modified_time":"2019-09-26T20:22:58+00:00","og_image":[{"url":"http:\/\/ranchoorganico.com.br\/site\/wp-content\/uploads\/2017\/12\/IMG_6362-e1528400956926-225x300.jpg","type":"","width":"","height":""}],"twitter_card":"summary_large_image","twitter_misc":{"Est. tempo de leitura":"3 minutos"},"schema":{"@context":"https:\/\/schema.org","@graph":[{"@type":"WebPage","@id":"https:\/\/ranchoorganico.com.br\/site\/sobre\/","url":"https:\/\/ranchoorganico.com.br\/site\/sobre\/","name":"Sobre - Rancho Org\u00e2nico","isPartOf":{"@id":"https:\/\/ranchoorganico.com.br\/site\/#website"},"primaryImageOfPage":{"@id":"https:\/\/ranchoorganico.com.br\/site\/sobre\/#primaryimage"},"image":{"@id":"https:\/\/ranchoorganico.com.br\/site\/sobre\/#primaryimage"},"thumbnailUrl":"http:\/\/ranchoorganico.com.br\/site\/wp-content\/uploads\/2017\/12\/IMG_6362-e1528400956926-225x300.jpg","datePublished":"2017-11-22T15:28:19+00:00","dateModified":"2019-09-26T20:22:58+00:00","description":"O hortifruti org\u00e2nico e mercearia mais completos de Piracicaba desde 1998! Local de encontro daqueles que buscam uma alimenta\u00e7\u00e3o saud\u00e1vel e bem estar!","breadcrumb":{"@id":"https:\/\/ranchoorganico.com.br\/site\/sobre\/#breadcrumb"},"inLanguage":"pt-BR","potentialAction":[{"@type":"ReadAction","target":["https:\/\/ranchoorganico.com.br\/site\/sobre\/"]}]},{"@type":"ImageObject","inLanguage":"pt-BR","@id":"https:\/\/ranchoorganico.com.br\/site\/sobre\/#primaryimage","url":"https:\/\/ranchoorganico.com.br\/site\/wp-content\/uploads\/2017\/12\/IMG_6362-e1528400956926.jpg","contentUrl":"https:\/\/ranchoorganico.com.br\/site\/wp-content\/uploads\/2017\/12\/IMG_6362-e1528400956926.jpg","width":768,"height":1024},{"@type":"BreadcrumbList","@id":"https:\/\/ranchoorganico.com.br\/site\/sobre\/#breadcrumb","itemListElement":[{"@type":"ListItem","position":1,"name":"Home","item":"https:\/\/ranchoorganico.com.br\/site\/"},{"@type":"ListItem","position":2,"name":"Sobre"}]},{"@type":"WebSite","@id":"https:\/\/ranchoorganico.com.br\/site\/#website","url":"https:\/\/ranchoorganico.com.br\/site\/","name":"Rancho Org\u00e2nico","description":"Por uma sociedade mais saud\u00e1vel e sustent\u00e1vel","potentialAction":[{"@type":"SearchAction","target":{"@type":"EntryPoint","urlTemplate":"https:\/\/ranchoorganico.com.br\/site\/?s={search_term_string}"},"query-input":{"@type":"PropertyValueSpecification","valueRequired":true,"valueName":"search_term_string"}}],"inLanguage":"pt-BR"}]}},"_links":{"self":[{"href":"https:\/\/ranchoorganico.com.br\/site\/wp-json\/wp\/v2\/pages\/1871","targetHints":{"allow":["GET"]}}],"collection":[{"href":"https:\/\/ranchoorganico.com.br\/site\/wp-json\/wp\/v2\/pages"}],"about":[{"href":"https:\/\/ranchoorganico.com.br\/site\/wp-json\/wp\/v2\/types\/page"}],"author":[{"embeddable":true,"href":"https:\/\/ranchoorganico.com.br\/site\/wp-json\/wp\/v2\/users\/1"}],"replies":[{"embeddable":true,"href":"https:\/\/ranchoorganico.com.br\/site\/wp-json\/wp\/v2\/comments?post=1871"}],"version-history":[{"count":17,"href":"https:\/\/ranchoorganico.com.br\/site\/wp-json\/wp\/v2\/pages\/1871\/revisions"}],"predecessor-version":[{"id":3044,"href":"https:\/\/ranchoorganico.com.br\/site\/wp-json\/wp\/v2\/pages\/1871\/revisions\/3044"}],"wp:attachment":[{"href":"https:\/\/ranchoorganico.com.br\/site\/wp-json\/wp\/v2\/media?parent=1871"}],"curies":[{"name":"wp","href":"https:\/\/api.w.org\/{rel}","templated":true}]}}